{"id":8224,"date":"2025-04-18T19:12:54","date_gmt":"2025-04-18T17:12:54","guid":{"rendered":"https:\/\/www.climaxba.sk\/?page_id=8224"},"modified":"2025-04-18T19:13:02","modified_gmt":"2025-04-18T17:13:02","slug":"kontakt-2","status":"publish","type":"page","link":"https:\/\/www.climaxba.sk\/cs\/kontakt-2\/","title":{"rendered":"Kontakt"},"content":{"rendered":"\n<p>Velmi r\u00e1di V\u00e1s p\u0159iv\u00edt\u00e1me na na\u0161em showroomu v B\u0159eclavi, Mikulov\u011b nebo Znojm\u011b, kde si m\u016f\u017eeme d\u00e1t skv\u011blou k\u00e1vu (nebo \u010daj \ud83d\ude42 a v p\u0159\u00edjemn\u00e9m prost\u0159ed\u00ed se u fyzick\u00fdch vzork\u016f pobavit o Va\u0161\u00ed p\u0159edstav\u011b funk\u010dnosti, barv\u011b, typu ovl\u00e1d\u00e1n\u00ed a cen\u011b na\u0161ich v\u00fdrobk\u016f.\u00a0<\/p>\n","protected":false},"excerpt":{"rendered":"<p>Velmi r\u00e1di V\u00e1s p\u0159iv\u00edt\u00e1me na na\u0161em showroomu v B\u0159eclavi, Mikulov\u011b nebo Znojm\u011b, kde si m\u016f\u017eeme d\u00e1t skv\u011blou k\u00e1vu (nebo \u010daj \ud83d\ude42 a v p\u0159\u00edjemn\u00e9m prost\u0159ed\u00ed se u fyzick\u00fdch vzork\u016f pobavit o Va\u0161\u00ed p\u0159edstav\u011b funk\u010dnosti, barv\u011b, typu ovl\u00e1d\u00e1n\u00ed a cen\u011b na\u0161ich v\u00fdrobk\u016f.\u00a0<\/p>\n","protected":false},"author":1,"featured_media":0,"parent":0,"menu_order":0,"comment_status":"closed","ping_status":"closed","template":"content-contact-partner.php","meta":{"_acf_changed":false,"inline_featured_image":false,"footnotes":""},"class_list":["post-8224","page","type-page","status-publish","hentry"],"acf":[],"yoast_head":"<!-- This site is optimized with the Yoast SEO Premium plugin v25.8 (Yoast SEO v27.2) - https:\/\/yoast.com\/product\/yoast-seo-premium-wordpress\/ -->\n<title>Kontakt - WIDO<\/title>\n<meta name=\"robots\" content=\"index, follow, max-snippet:-1, max-image-preview:large, max-video-preview:-1\" \/>\n<link rel=\"canonical\" href=\"https:\/\/www.climaxba.sk\/cs\/kontakt-2\/\" \/>\n<meta property=\"og:locale\" content=\"cs_CZ\" \/>\n<meta property=\"og:type\" content=\"article\" \/>\n<meta property=\"og:title\" content=\"Kontakt\" \/>\n<meta property=\"og:description\" content=\"Velmi r\u00e1di V\u00e1s p\u0159iv\u00edt\u00e1me na na\u0161em showroomu v B\u0159eclavi, Mikulov\u011b nebo Znojm\u011b, kde si m\u016f\u017eeme d\u00e1t skv\u011blou k\u00e1vu (nebo \u010daj \ud83d\ude42 a v p\u0159\u00edjemn\u00e9m prost\u0159ed\u00ed se u fyzick\u00fdch vzork\u016f pobavit o Va\u0161\u00ed p\u0159edstav\u011b funk\u010dnosti, barv\u011b, typu ovl\u00e1d\u00e1n\u00ed a cen\u011b na\u0161ich v\u00fdrobk\u016f.\u00a0\" \/>\n<meta property=\"og:url\" content=\"https:\/\/www.climaxba.sk\/cs\/kontakt-2\/\" \/>\n<meta property=\"og:site_name\" content=\"WIDO\" \/>\n<meta property=\"article:modified_time\" content=\"2025-04-18T17:13:02+00:00\" \/>\n<meta name=\"twitter:card\" content=\"summary_large_image\" \/>\n<meta name=\"twitter:label1\" content=\"Odhadovan\u00e1 doba \u010dten\u00ed\" \/>\n\t<meta name=\"twitter:data1\" content=\"1 minuta\" \/>\n<script type=\"application\/ld+json\" class=\"yoast-schema-graph\">{\"@context\":\"https:\/\/schema.org\",\"@graph\":[{\"@type\":\"WebPage\",\"@id\":\"https:\/\/www.climaxba.sk\/cs\/kontakt-2\/\",\"url\":\"https:\/\/www.climaxba.sk\/cs\/kontakt-2\/\",\"name\":\"Kontakt - WIDO\",\"isPartOf\":{\"@id\":\"https:\/\/www.climaxba.sk\/cs\/#website\"},\"datePublished\":\"2025-04-18T17:12:54+00:00\",\"dateModified\":\"2025-04-18T17:13:02+00:00\",\"breadcrumb\":{\"@id\":\"https:\/\/www.climaxba.sk\/cs\/kontakt-2\/#breadcrumb\"},\"inLanguage\":\"cs\",\"potentialAction\":[{\"@type\":\"ReadAction\",\"target\":[\"https:\/\/www.climaxba.sk\/cs\/kontakt-2\/\"]}]},{\"@type\":\"BreadcrumbList\",\"@id\":\"https:\/\/www.climaxba.sk\/cs\/kontakt-2\/#breadcrumb\",\"itemListElement\":[{\"@type\":\"ListItem\",\"position\":1,\"name\":\"Dom\u016f\",\"item\":\"https:\/\/www.climaxba.sk\/cs\/\"},{\"@type\":\"ListItem\",\"position\":2,\"name\":\"Kontakt\"}]},{\"@type\":\"WebSite\",\"@id\":\"https:\/\/www.climaxba.sk\/cs\/#website\",\"url\":\"https:\/\/www.climaxba.sk\/cs\/\",\"name\":\"WIDO\",\"description\":\"\",\"potentialAction\":[{\"@type\":\"SearchAction\",\"target\":{\"@type\":\"EntryPoint\",\"urlTemplate\":\"https:\/\/www.climaxba.sk\/cs\/?s={search_term_string}\"},\"query-input\":{\"@type\":\"PropertyValueSpecification\",\"valueRequired\":true,\"valueName\":\"search_term_string\"}}],\"inLanguage\":\"cs\"}]}<\/script>\n<!-- \/ Yoast SEO Premium plugin. -->","yoast_head_json":{"title":"Kontakt - WIDO","robots":{"index":"index","follow":"follow","max-snippet":"max-snippet:-1","max-image-preview":"max-image-preview:large","max-video-preview":"max-video-preview:-1"},"canonical":"https:\/\/www.climaxba.sk\/cs\/kontakt-2\/","og_locale":"cs_CZ","og_type":"article","og_title":"Kontakt","og_description":"Velmi r\u00e1di V\u00e1s p\u0159iv\u00edt\u00e1me na na\u0161em showroomu v B\u0159eclavi, Mikulov\u011b nebo Znojm\u011b, kde si m\u016f\u017eeme d\u00e1t skv\u011blou k\u00e1vu (nebo \u010daj \ud83d\ude42 a v p\u0159\u00edjemn\u00e9m prost\u0159ed\u00ed se u fyzick\u00fdch vzork\u016f pobavit o Va\u0161\u00ed p\u0159edstav\u011b funk\u010dnosti, barv\u011b, typu ovl\u00e1d\u00e1n\u00ed a cen\u011b na\u0161ich v\u00fdrobk\u016f.\u00a0","og_url":"https:\/\/www.climaxba.sk\/cs\/kontakt-2\/","og_site_name":"WIDO","article_modified_time":"2025-04-18T17:13:02+00:00","twitter_card":"summary_large_image","twitter_misc":{"Odhadovan\u00e1 doba \u010dten\u00ed":"1 minuta"},"schema":{"@context":"https:\/\/schema.org","@graph":[{"@type":"WebPage","@id":"https:\/\/www.climaxba.sk\/cs\/kontakt-2\/","url":"https:\/\/www.climaxba.sk\/cs\/kontakt-2\/","name":"Kontakt - WIDO","isPartOf":{"@id":"https:\/\/www.climaxba.sk\/cs\/#website"},"datePublished":"2025-04-18T17:12:54+00:00","dateModified":"2025-04-18T17:13:02+00:00","breadcrumb":{"@id":"https:\/\/www.climaxba.sk\/cs\/kontakt-2\/#breadcrumb"},"inLanguage":"cs","potentialAction":[{"@type":"ReadAction","target":["https:\/\/www.climaxba.sk\/cs\/kontakt-2\/"]}]},{"@type":"BreadcrumbList","@id":"https:\/\/www.climaxba.sk\/cs\/kontakt-2\/#breadcrumb","itemListElement":[{"@type":"ListItem","position":1,"name":"Dom\u016f","item":"https:\/\/www.climaxba.sk\/cs\/"},{"@type":"ListItem","position":2,"name":"Kontakt"}]},{"@type":"WebSite","@id":"https:\/\/www.climaxba.sk\/cs\/#website","url":"https:\/\/www.climaxba.sk\/cs\/","name":"WIDO","description":"","potentialAction":[{"@type":"SearchAction","target":{"@type":"EntryPoint","urlTemplate":"https:\/\/www.climaxba.sk\/cs\/?s={search_term_string}"},"query-input":{"@type":"PropertyValueSpecification","valueRequired":true,"valueName":"search_term_string"}}],"inLanguage":"cs"}]}},"_links":{"self":[{"href":"https:\/\/www.climaxba.sk\/cs\/wp-json\/wp\/v2\/pages\/8224","targetHints":{"allow":["GET"]}}],"collection":[{"href":"https:\/\/www.climaxba.sk\/cs\/wp-json\/wp\/v2\/pages"}],"about":[{"href":"https:\/\/www.climaxba.sk\/cs\/wp-json\/wp\/v2\/types\/page"}],"author":[{"embeddable":true,"href":"https:\/\/www.climaxba.sk\/cs\/wp-json\/wp\/v2\/users\/1"}],"replies":[{"embeddable":true,"href":"https:\/\/www.climaxba.sk\/cs\/wp-json\/wp\/v2\/comments?post=8224"}],"version-history":[{"count":2,"href":"https:\/\/www.climaxba.sk\/cs\/wp-json\/wp\/v2\/pages\/8224\/revisions"}],"predecessor-version":[{"id":8255,"href":"https:\/\/www.climaxba.sk\/cs\/wp-json\/wp\/v2\/pages\/8224\/revisions\/8255"}],"wp:attachment":[{"href":"https:\/\/www.climaxba.sk\/cs\/wp-json\/wp\/v2\/media?parent=8224"}],"curies":[{"name":"wp","href":"https:\/\/api.w.org\/{rel}","templated":true}]}}